{"id":668,"date":"2019-11-01T19:53:17","date_gmt":"2019-11-01T18:53:17","guid":{"rendered":"https:\/\/miteinander-downsyndrom.de\/?page_id=668"},"modified":"2019-11-12T11:08:42","modified_gmt":"2019-11-12T10:08:42","slug":"unterseite-2","status":"publish","type":"page","link":"https:\/\/miteinander-downsyndrom.de\/?page_id=668","title":{"rendered":"Doro Zachmann"},"content":{"rendered":"\n<p><strong>Der Geburt dritter Teil<\/strong> <\/p>\n\n\n\n<p>Nun lass Dich hochheben und anschauen mein Kind.<\/p>\n\n\n\n<p>Spannend, dieser Moment bis zu unserem ersten Augenblick!<\/p>\n\n\n\n<p>Was ist das? Du siehst aus, als ob Du&#8230;<\/p>\n\n\n\n<p>Nein, nein, nein! Das kann doch nicht sein! Hey, wo seid ihr pl\u00f6tzlich, Stolz, Dank und Gl\u00fcck? Gerade wart ihr doch noch da. Kommt zur\u00fcck! Es ist sicher nur ein Irrtum.<\/p>\n\n\n\n<p>Was ist denn jetzt? Wer nimmt mir den Atem? Ihr seid es, Schock, Schmerz, Gef\u00fchl der Bestrafung.<\/p>\n\n\n\n<p>Dann ist es wohl wahr. Nur dies kann es bedeuten.<\/p>\n\n\n\n<p>Oh, komm und h\u00fclle mich in deinen Nebelschleier, du abgrundtiefe Verzweiflung.<\/p>\n\n\n\n<p><\/p>\n\n\n\n<p><strong>Nachwehen<\/strong><\/p>\n\n\n\n<p>Der Schock. Die Angst. Die Best\u00fcrzung. Der Zorn. Die Entt\u00e4uschung. Die Fassungslosigkeit. Das Aufbegehren. Die Resignation. Die Trauer. Das Selbstmitleid. Die Hoffnungslosigkeit. Die Verzweiflung. Der Schmerz. <\/p>\n\n\n\n<p>Und die Liebe!<\/p>\n\n\n\n<p><\/p>\n\n\n\n<p><strong>Lebensk\u00fcnstler<\/strong><\/p>\n\n\n\n<p>Deine Leichtigkeit nimmt mir die Schwere.<\/p>\n\n\n\n<p>Deine Fr\u00f6hlichkeit vertreibt meine Trauer.<\/p>\n\n\n\n<p>Deine Lebendigkeit holt mich aus der Starre.<\/p>\n\n\n\n<p>Deine Wahrhaftigkeit straft alle Voraussagen L\u00fcge, Du seist so kompliziert.<\/p>\n\n\n\n<p>Deine Z\u00e4rtlichkeit ber\u00fchrt mein Innerstes.<\/p>\n\n\n\n<p>Dein Beschr\u00e4nken weist mich auf das Wesentliche hin.<\/p>\n\n\n\n<p>Deine Unbeschwertheit lehrt mich, Sorgen abzugeben.<\/p>\n\n\n\n<p>Deine grenzenlose Liebe macht auch mein Herz weit.<\/p>\n\n\n\n<p><\/p>\n\n\n\n<p><strong>Richtigstellung<\/strong><\/p>\n\n\n\n<p>Es gibt nicht DAS Down-Syndrom, wohl aber wunderbare Menschen, die neben einigen Parallelen und \u00c4hnlichkeiten mit \u00e4u\u00dferst unterschiedlicher Auspr\u00e4gung, eine ganz normale, einzigartige und in allen Farben leuchtende Pers\u00f6nlichkeit haben.<\/p>\n\n\n\n<p><em>Diese und weitere poetische Texte \u00fcber ihr Zeit der Schwangerschaft mit Jonas bis zu seinem Heranwachsen sind in dem Buch von Doro Zachmann &#8222;Mit der Stimme des Herzens &#8211; meine ersten Jahre mit Jonas&#8220; (SCM H\u00e4nssler, 2012) erschienen. Eine literarische Liebeserkl\u00e4rung einer Mutter an ihr behindertes Kind.<\/em><\/p>\n","protected":false},"excerpt":{"rendered":"<p>Der Geburt dritter Teil Nun lass Dich hochheben und anschauen mein Kind. Spannend, dieser Moment bis zu unserem ersten Augenblick! Was ist das? Du siehst aus, als ob Du&#8230; Nein, &hellip;<\/p>\n<p class=\"read-more\"> <a class=\"\" href=\"https:\/\/miteinander-downsyndrom.de\/?page_id=668\"> <span class=\"screen-reader-text\">Doro Zachmann<\/span> Weiterlesen &raquo;<\/a><\/p>\n","protected":false},"author":2,"featured_media":661,"parent":0,"menu_order":0,"comment_status":"closed","ping_status":"closed","template":"","meta":[],"_links":{"self":[{"href":"https:\/\/miteinander-downsyndrom.de\/index.php?rest_route=\/wp\/v2\/pages\/668"}],"collection":[{"href":"https:\/\/miteinander-downsyndrom.de\/index.php?rest_route=\/wp\/v2\/pages"}],"about":[{"href":"https:\/\/miteinander-downsyndrom.de\/index.php?rest_route=\/wp\/v2\/types\/page"}],"author":[{"embeddable":true,"href":"https:\/\/miteinander-downsyndrom.de\/index.php?rest_route=\/wp\/v2\/users\/2"}],"replies":[{"embeddable":true,"href":"https:\/\/miteinander-downsyndrom.de\/index.php?rest_route=%2Fwp%2Fv2%2Fcomments&post=668"}],"version-history":[{"count":2,"href":"https:\/\/miteinander-downsyndrom.de\/index.php?rest_route=\/wp\/v2\/pages\/668\/revisions"}],"predecessor-version":[{"id":721,"href":"https:\/\/miteinander-downsyndrom.de\/index.php?rest_route=\/wp\/v2\/pages\/668\/revisions\/721"}],"wp:featuredmedia":[{"embeddable":true,"href":"https:\/\/miteinander-downsyndrom.de\/index.php?rest_route=\/wp\/v2\/media\/661"}],"wp:attachment":[{"href":"https:\/\/miteinander-downsyndrom.de\/index.php?rest_route=%2Fwp%2Fv2%2Fmedia&parent=668"}],"curies":[{"name":"wp","href":"https:\/\/api.w.org\/{rel}","templated":true}]}}