{"id":317,"date":"2019-09-23T13:14:20","date_gmt":"2019-09-23T11:14:20","guid":{"rendered":"https:\/\/miteinander-downsyndrom.de\/?page_id=317"},"modified":"2022-02-21T12:21:13","modified_gmt":"2022-02-21T11:21:13","slug":"mitgliedsantrag","status":"publish","type":"page","link":"https:\/\/miteinander-downsyndrom.de\/?page_id=317","title":{"rendered":"Mitgliedsantrag"},"content":{"rendered":"\n<p>Wir freuen uns \u00fcber neue Mitglieder in unserem Verein, die sich f\u00fcr das Thema Down-Syndrom stark machen wollen.<\/p>\n\n\n\n<p>Bitte f\u00fcllen Sie den untenstehenden Mitgliedsantrag sowie ggf. das SEPA-Mandat aus und schicken dieses an:<\/p>\n\n\n\n<p>Martina Neugebauer-Renner<\/p>\n\n\n\n<p>Miteinander \u2013 Menschen mit Down-Syndrom und ihre Freunde e.V.<\/p>\n\n\n\n<p>Rotermelweg 13<br>79114 Freiburg<\/p>\n\n\n\n<div class=\"wp-block-file\"><a href=\"https:\/\/miteinander-downsyndrom.de\/wp-content\/uploads\/2022\/02\/Beitrittserklaerung.pdf\">Beitrittserkl\u00e4rung<\/a><a href=\"https:\/\/miteinander-downsyndrom.de\/wp-content\/uploads\/2022\/02\/Beitrittserklaerung.pdf\" class=\"wp-block-file__button\" download>Herunterladen<\/a><\/div>\n","protected":false},"excerpt":{"rendered":"<p>Wir freuen uns \u00fcber neue Mitglieder in unserem Verein, die sich f\u00fcr das Thema Down-Syndrom stark machen wollen. Bitte f\u00fcllen Sie den untenstehenden Mitgliedsantrag sowie ggf. das SEPA-Mandat aus und &hellip;<\/p>\n<p class=\"read-more\"> <a class=\"\" href=\"https:\/\/miteinander-downsyndrom.de\/?page_id=317\"> <span class=\"screen-reader-text\">Mitgliedsantrag<\/span> Weiterlesen &raquo;<\/a><\/p>\n","protected":false},"author":1,"featured_media":662,"parent":0,"menu_order":0,"comment_status":"closed","ping_status":"closed","template":"","meta":{"footnotes":""},"class_list":["post-317","page","type-page","status-publish","has-post-thumbnail","hentry"],"_links":{"self":[{"href":"https:\/\/miteinander-downsyndrom.de\/index.php?rest_route=\/wp\/v2\/pages\/317","targetHints":{"allow":["GET"]}}],"collection":[{"href":"https:\/\/miteinander-downsyndrom.de\/index.php?rest_route=\/wp\/v2\/pages"}],"about":[{"href":"https:\/\/miteinander-downsyndrom.de\/index.php?rest_route=\/wp\/v2\/types\/page"}],"author":[{"embeddable":true,"href":"https:\/\/miteinander-downsyndrom.de\/index.php?rest_route=\/wp\/v2\/users\/1"}],"replies":[{"embeddable":true,"href":"https:\/\/miteinander-downsyndrom.de\/index.php?rest_route=%2Fwp%2Fv2%2Fcomments&post=317"}],"version-history":[{"count":8,"href":"https:\/\/miteinander-downsyndrom.de\/index.php?rest_route=\/wp\/v2\/pages\/317\/revisions"}],"predecessor-version":[{"id":1130,"href":"https:\/\/miteinander-downsyndrom.de\/index.php?rest_route=\/wp\/v2\/pages\/317\/revisions\/1130"}],"wp:featuredmedia":[{"embeddable":true,"href":"https:\/\/miteinander-downsyndrom.de\/index.php?rest_route=\/wp\/v2\/media\/662"}],"wp:attachment":[{"href":"https:\/\/miteinander-downsyndrom.de\/index.php?rest_route=%2Fwp%2Fv2%2Fmedia&parent=317"}],"curies":[{"name":"wp","href":"https:\/\/api.w.org\/{rel}","templated":true}]}}