{"id":313,"date":"2019-09-23T13:13:36","date_gmt":"2019-09-23T11:13:36","guid":{"rendered":"https:\/\/miteinander-downsyndrom.de\/?page_id=313"},"modified":"2019-10-25T13:20:55","modified_gmt":"2019-10-25T11:20:55","slug":"erstkontakt","status":"publish","type":"page","link":"https:\/\/miteinander-downsyndrom.de\/?page_id=313","title":{"rendered":"Erstkontakt"},"content":{"rendered":"\n<p>Die Diagnose Down-Syndrom, ob in der Schwangerschaft oder nach der Geburt eines Kindes, wirft viele Fragen auf und l\u00f6st h\u00e4ufig ganz gemischte Gef\u00fchle aus.<\/p>\n\n\n\n<p>Wir m\u00f6chten Eltern, die mit dieser Diagnose oder dem Verdacht darauf konfrontiert sind, zur Seite stehen und Mut machen f\u00fcr ein Leben mit einem besonderen Kind. Aufgrund dessen vermitteln wir Kontakte zu Familien in \u00e4hnlicher Situation.<\/p>\n\n\n\n<p>Z\u00f6gern Sie nicht, sich \u00fcber das <a href=\"https:\/\/miteinander-downsyndrom.de\/?page_id=315\">Kontaktformular<\/a> an uns zu wenden.<\/p>\n","protected":false},"excerpt":{"rendered":"<p>Die Diagnose Down-Syndrom, ob in der Schwangerschaft oder nach der Geburt eines Kindes, wirft viele Fragen auf und l\u00f6st h\u00e4ufig ganz gemischte Gef\u00fchle aus. Wir m\u00f6chten Eltern, die mit dieser &hellip;<\/p>\n<p class=\"read-more\"> <a class=\"\" href=\"https:\/\/miteinander-downsyndrom.de\/?page_id=313\"> <span class=\"screen-reader-text\">Erstkontakt<\/span> Weiterlesen &raquo;<\/a><\/p>\n","protected":false},"author":1,"featured_media":652,"parent":0,"menu_order":0,"comment_status":"closed","ping_status":"closed","template":"","meta":[],"_links":{"self":[{"href":"https:\/\/miteinander-downsyndrom.de\/index.php?rest_route=\/wp\/v2\/pages\/313"}],"collection":[{"href":"https:\/\/miteinander-downsyndrom.de\/index.php?rest_route=\/wp\/v2\/pages"}],"about":[{"href":"https:\/\/miteinander-downsyndrom.de\/index.php?rest_route=\/wp\/v2\/types\/page"}],"author":[{"embeddable":true,"href":"https:\/\/miteinander-downsyndrom.de\/index.php?rest_route=\/wp\/v2\/users\/1"}],"replies":[{"embeddable":true,"href":"https:\/\/miteinander-downsyndrom.de\/index.php?rest_route=%2Fwp%2Fv2%2Fcomments&post=313"}],"version-history":[{"count":3,"href":"https:\/\/miteinander-downsyndrom.de\/index.php?rest_route=\/wp\/v2\/pages\/313\/revisions"}],"predecessor-version":[{"id":389,"href":"https:\/\/miteinander-downsyndrom.de\/index.php?rest_route=\/wp\/v2\/pages\/313\/revisions\/389"}],"wp:featuredmedia":[{"embeddable":true,"href":"https:\/\/miteinander-downsyndrom.de\/index.php?rest_route=\/wp\/v2\/media\/652"}],"wp:attachment":[{"href":"https:\/\/miteinander-downsyndrom.de\/index.php?rest_route=%2Fwp%2Fv2%2Fmedia&parent=313"}],"curies":[{"name":"wp","href":"https:\/\/api.w.org\/{rel}","templated":true}]}}