{"id":302,"date":"2019-09-23T13:09:16","date_gmt":"2019-09-23T11:09:16","guid":{"rendered":"https:\/\/miteinander-downsyndrom.de\/?page_id=302"},"modified":"2021-06-07T08:32:11","modified_gmt":"2021-06-07T06:32:11","slug":"der-verein-stellt-sich-vor","status":"publish","type":"page","link":"https:\/\/miteinander-downsyndrom.de\/?page_id=302","title":{"rendered":"Der Verein stellt sich vor"},"content":{"rendered":"\n<p>Die \u00e4ltesten noch auffindbaren Dokumente unseres Vereins sind auf 1981 datiert. Damals hie\u00df dieser noch &#8222;Selbsthilfegruppe f\u00fcr Eltern eines mongoloiden Kindes in S\u00fcdbaden&#8220;.<\/p>\n\n\n\n<p>Wie gut, dass 1998 &#8222;miteinander &#8211; Menschen mit Down-Syndrom und ihre Freunde e.V.&#8220; gegr\u00fcndet wurde. Denn mit dieser Neugr\u00fcndung wird zweierlei deutlich:<\/p>\n\n\n\n<ol><li>wie sehr sich &#8211; gl\u00fccklicherweise &#8211; unser Sprachgebrauch und Umgang mit dem Thema Down-Syndrom ge\u00e4ndert hat und <\/li><li>dass zwar das Thema Selbsthilfe in unserem Verein durch zahlreiche Austausch- und Gespr\u00e4chsangebote noch gro\u00df geschrieben wird, dass aber auch das miteinander, der Spa\u00df und die Beziehungen wichtiger geworden sind.<\/li><\/ol>\n\n\n\n<p><a href=\"https:\/\/miteinander-downsyndrom.de\/?page_id=416\">Das sind wir<\/a> heute.<\/p>\n\n\n\n<div class=\"wp-block-file\"><a href=\"https:\/\/miteinander-downsyndrom.de\/wp-content\/uploads\/2021\/06\/Satzung_Miteinander-1.pdf\" class=\"wp-block-file__button\" download>Satzung herunterladen<\/a><\/div>\n\n\n\n<p><\/p>\n","protected":false},"excerpt":{"rendered":"<p>Die \u00e4ltesten noch auffindbaren Dokumente unseres Vereins sind auf 1981 datiert. Damals hie\u00df dieser noch &#8222;Selbsthilfegruppe f\u00fcr Eltern eines mongoloiden Kindes in S\u00fcdbaden&#8220;. Wie gut, dass 1998 &#8222;miteinander &#8211; Menschen &hellip;<\/p>\n<p class=\"read-more\"> <a class=\"\" href=\"https:\/\/miteinander-downsyndrom.de\/?page_id=302\"> <span class=\"screen-reader-text\">Der Verein stellt sich vor<\/span> Weiterlesen &raquo;<\/a><\/p>\n","protected":false},"author":1,"featured_media":656,"parent":0,"menu_order":0,"comment_status":"closed","ping_status":"closed","template":"","meta":[],"_links":{"self":[{"href":"https:\/\/miteinander-downsyndrom.de\/index.php?rest_route=\/wp\/v2\/pages\/302"}],"collection":[{"href":"https:\/\/miteinander-downsyndrom.de\/index.php?rest_route=\/wp\/v2\/pages"}],"about":[{"href":"https:\/\/miteinander-downsyndrom.de\/index.php?rest_route=\/wp\/v2\/types\/page"}],"author":[{"embeddable":true,"href":"https:\/\/miteinander-downsyndrom.de\/index.php?rest_route=\/wp\/v2\/users\/1"}],"replies":[{"embeddable":true,"href":"https:\/\/miteinander-downsyndrom.de\/index.php?rest_route=%2Fwp%2Fv2%2Fcomments&post=302"}],"version-history":[{"count":19,"href":"https:\/\/miteinander-downsyndrom.de\/index.php?rest_route=\/wp\/v2\/pages\/302\/revisions"}],"predecessor-version":[{"id":1055,"href":"https:\/\/miteinander-downsyndrom.de\/index.php?rest_route=\/wp\/v2\/pages\/302\/revisions\/1055"}],"wp:featuredmedia":[{"embeddable":true,"href":"https:\/\/miteinander-downsyndrom.de\/index.php?rest_route=\/wp\/v2\/media\/656"}],"wp:attachment":[{"href":"https:\/\/miteinander-downsyndrom.de\/index.php?rest_route=%2Fwp%2Fv2%2Fmedia&parent=302"}],"curies":[{"name":"wp","href":"https:\/\/api.w.org\/{rel}","templated":true}]}}