{"id":20,"date":"2019-09-19T07:07:48","date_gmt":"2019-09-19T07:07:48","guid":{"rendered":"https:\/\/miteinander-downsyndrom.de\/?page_id=20"},"modified":"2021-02-25T10:06:49","modified_gmt":"2021-02-25T09:06:49","slug":"unterstuetzung","status":"publish","type":"page","link":"https:\/\/miteinander-downsyndrom.de\/?page_id=20","title":{"rendered":"Unterst\u00fctzung"},"content":{"rendered":"\n<p>Sie k\u00f6nnen unseren Verein durch eine dauerhafte <a href=\"https:\/\/miteinander-downsyndrom.de\/?page_id=317\">Mitgliedschaft<\/a> oder durch eine einmalige Spende unterst\u00fctzen.<\/p>\n\n\n\n<p>Wir sind als gemeinn\u00fctziger Verein anerkannt und stellen Ihnen \u00fcber den gespendeten Betrag gerne eine Spendenbescheinigung aus.<\/p>\n\n\n\n<p>Mit Ihrer Spende helfen Sie, dass das Thema Down-Syndrom in der Gesellschaft pr\u00e4sent bleibt und wir weiter die M\u00f6glichkeit haben Familien mit einem Kind mit Down-Syndrom in Gespr\u00e4chen, bei Veranstaltungen und mit Unternehmungen zu unterst\u00fctzen.<\/p>\n\n\n\n<p>Sie k\u00f6nnen \u00fcber das integrierte Spendenformular (betterplace) oder \u00fcber eine direkte \u00dcberweisung auf unser Konto Geld an uns senden.<\/p>\n\n\n\n<p>Miteinander e.V.<\/p>\n\n\n\n<p>IBAN: DE74 6809 0000 0003 3609 11<\/p>\n\n\n\n<p>Bank: Volksbank Freiburg<\/p>\n\n\n\n<script type=\"text\/javascript\">\n  \/* Configure at https:\/\/www.betterplace.org\/de\/projects\/73668-chancen-fur-menschen-mit-down-syndrom\/manage\/iframe_donation_form\/new *\/\n  var _bp_iframe        = _bp_iframe || {};\n  _bp_iframe.project_id = 73668; \/* REQUIRED *\/\n  _bp_iframe.lang       = 'de'; \/* Language of the form *\/\n  _bp_iframe.width = 600; \/* Custom iframe-tag-width, integer *\/\n  _bp_iframe.color = '1a3c7b'; \/* Button and banderole color, hex without \"#\" *\/\n  _bp_iframe.background_color = 'f8d211'; \/* Background-color, hex without \"#\" *\/\n  _bp_iframe.default_amount = 50; \/* Donation-amount, integer 1-99 *\/\n  _bp_iframe.recurring_interval = 'single'; \/* Interval for recurring donations, string out of [\"single\", \"monthly\", \"quarter_yearly\", \"half_yearly\", \"yearly\"] *\/\n  _bp_iframe.bottom_logo = true;\n  (function() {\n    var bp = document.createElement('script'); bp.type = 'text\/javascript'; bp.async = true;\n    bp.src = 'https:\/\/betterplace-assets.betterplace.org\/assets\/load_donation_iframe.js';\n    var s = document.getElementsByTagName('script')[0]; s.parentNode.insertBefore(bp, s);\n  })();\n<\/script>\n<div id=\"betterplace_donation_iframe\" style=\"background: transparent url('https:\/\/www.betterplace.org\/assets\/new_spinner.gif') 275px 20px no-repeat;\"><strong><a href=\"https:\/\/www.betterplace.org\/de\/donate\/platform\/projects\/73668-chancen-fur-menschen-mit-down-syndrom\">Jetzt Spenden f\u00fcr \u201eChancen f\u00fcr Menschen mit Down-Syndrom\u201c bei unserem Partner betterplace.org<\/a><\/strong><\/div>\n","protected":false},"excerpt":{"rendered":"<p>Sie k\u00f6nnen unseren Verein durch eine dauerhafte Mitgliedschaft oder durch eine einmalige Spende unterst\u00fctzen. Wir sind als gemeinn\u00fctziger Verein anerkannt und stellen Ihnen \u00fcber den gespendeten Betrag gerne eine Spendenbescheinigung &hellip;<\/p>\n<p class=\"read-more\"> <a class=\"\" href=\"https:\/\/miteinander-downsyndrom.de\/?page_id=20\"> <span class=\"screen-reader-text\">Unterst\u00fctzung<\/span> Weiterlesen &raquo;<\/a><\/p>\n","protected":false},"author":1,"featured_media":654,"parent":0,"menu_order":0,"comment_status":"closed","ping_status":"closed","template":"","meta":[],"_links":{"self":[{"href":"https:\/\/miteinander-downsyndrom.de\/index.php?rest_route=\/wp\/v2\/pages\/20"}],"collection":[{"href":"https:\/\/miteinander-downsyndrom.de\/index.php?rest_route=\/wp\/v2\/pages"}],"about":[{"href":"https:\/\/miteinander-downsyndrom.de\/index.php?rest_route=\/wp\/v2\/types\/page"}],"author":[{"embeddable":true,"href":"https:\/\/miteinander-downsyndrom.de\/index.php?rest_route=\/wp\/v2\/users\/1"}],"replies":[{"embeddable":true,"href":"https:\/\/miteinander-downsyndrom.de\/index.php?rest_route=%2Fwp%2Fv2%2Fcomments&post=20"}],"version-history":[{"count":9,"href":"https:\/\/miteinander-downsyndrom.de\/index.php?rest_route=\/wp\/v2\/pages\/20\/revisions"}],"predecessor-version":[{"id":990,"href":"https:\/\/miteinander-downsyndrom.de\/index.php?rest_route=\/wp\/v2\/pages\/20\/revisions\/990"}],"wp:featuredmedia":[{"embeddable":true,"href":"https:\/\/miteinander-downsyndrom.de\/index.php?rest_route=\/wp\/v2\/media\/654"}],"wp:attachment":[{"href":"https:\/\/miteinander-downsyndrom.de\/index.php?rest_route=%2Fwp%2Fv2%2Fmedia&parent=20"}],"curies":[{"name":"wp","href":"https:\/\/api.w.org\/{rel}","templated":true}]}}